{"id":499,"date":"2024-08-22T16:44:49","date_gmt":"2024-08-22T14:44:49","guid":{"rendered":"http:\/\/firstcityhotel.com\/hotel\/"},"modified":"2026-02-18T12:22:53","modified_gmt":"2026-02-18T11:22:53","slug":"hotel","status":"publish","type":"page","link":"https:\/\/firstcityhotel.com\/de\/hotel\/","title":{"rendered":"Das Hotel"},"content":{"rendered":"\n<div class=\"block  block-title-text\" data-name=\"Title &#038; Text\"\n    id=\"block_a3516ffa6e4c232ab7f84cfdfbee30aa\">\n    <div class=\"title-text\">\n        <div class=\"container flex\">\n            <h3 class=\"title h3\">\n                Boutique-Hotel in Den Haag            <\/h3>\n            <div class=\"text-wrapper\">\n                <p class=\"text p-intro\">\n                    Was ist Ihre Priorit\u00e4t im Leben? Unsere Priorit\u00e4t ist es, so viel Zeit wie m\u00f6glich gemeinsam mit unseren Liebsten zu genie\u00dfen \u2013 ganz ohne Sorgen. Unser Hotel verf\u00fcgt \u00fcber 33 wundersch\u00f6ne Zimmer, die mit allem notwendigen Komfort ausgestattet sind. Hier k\u00f6nnen Sie entspannen oder Zeit mit Ihren Freunden verbringen.                <\/p>\n                                    <div class=\"button-wrapper\">\n                                                    \n            <a class=\"button arrow\"\n            href=\"http:\/\/firstcityhotel.com\/location\/\"\n            target=\"\"\n                    >\n            Unsere Lage                            <svg xmlns=\"http:\/\/www.w3.org\/2000\/svg\" width=\"13.545\" height=\"12.306\" viewBox=\"0 0 13.545 12.306\">\n\t<g id=\"Group_94\" data-name=\"Group 94\" transform=\"translate(-1052.064 -1424.293)\">\n\t\t<g id=\"Group_47\" data-name=\"Group 47\" transform=\"translate(1052.064 1424.646)\">\n\t\t\t<path id=\"Path_11974\" data-name=\"Path 11974\" d=\"M0,0,5.8,5.8,11.6,0\" transform=\"translate(7.039 11.599) rotate(-90)\" fill=\"none\" stroke-width=\"1\" \/>\n\t\t\t<line id=\"Line_54\" data-name=\"Line 54\" x1=\"13.217\" transform=\"translate(0 5.953)\" fill=\"none\" stroke-width=\"1\" \/>\n\t\t<\/g>\n\t<\/g>\n<\/svg>\n                    <\/a>\n    \n                                                                        <\/div>\n                            <\/div>\n        <\/div>\n    <\/div>\n<\/div>\n\n\n<div class=\"block block-image-text has-background-color background-color-green\" data-name=\"Image &#038; Text\" id=\"block_0c1ebd7757337a678a16ff24d7e6d3a0\">\n    <div class=\"image-text container\">\n                    <div class=\"image\">\n                        <picture>\n            <source media=\"(max-width:600px)\" srcset=\"https:\/\/firstcityhotel.com\/wp-content\/uploads\/2024\/10\/firstoktober-10_edit-800x1200.jpg\">\n            <img loading=\"lazy\" decoding=\"async\"\n                src=\"https:\/\/firstcityhotel.com\/wp-content\/uploads\/2024\/10\/firstoktober-10_edit-1200x1800.jpg\"\n                width=\"800\"\n                height=\"1200\"\n                alt=\"firstoktober-10_edit\"\n                class=\"\"\n            \/>\n        <\/picture>\n                                <\/div>\n        \n        <div class=\"text-wrapper\">\n                            <h2 class=\"title h3\">Wie ist das First City Hotel entstanden?<\/h2>\n                        <div class=\"text block-text-content\"><p data-start=\"44\" data-end=\"213\">Im Jahr 2021 wurde das First City Hotel gegr\u00fcndet, und seitdem bieten wir unseren G\u00e4sten die sch\u00f6nsten \u00dcbernachtungen. Genie\u00dfen Sie Den Haag entspannt und unbeschwert.<\/p>\n<p data-start=\"215\" data-end=\"227\" data-is-last-node=\"\" data-is-only-node=\"\">\n<\/div>\n                            <div class=\"button-wrapper\">\n                                            \n            <a class=\"button arrow distributor\"\n            href=\"#book\"\n            target=\"\"\n            rel=\"noreferrer noopener\"        >\n            Jetzt buchen                            <svg xmlns=\"http:\/\/www.w3.org\/2000\/svg\" width=\"13.545\" height=\"12.306\" viewBox=\"0 0 13.545 12.306\">\n\t<g id=\"Group_94\" data-name=\"Group 94\" transform=\"translate(-1052.064 -1424.293)\">\n\t\t<g id=\"Group_47\" data-name=\"Group 47\" transform=\"translate(1052.064 1424.646)\">\n\t\t\t<path id=\"Path_11974\" data-name=\"Path 11974\" d=\"M0,0,5.8,5.8,11.6,0\" transform=\"translate(7.039 11.599) rotate(-90)\" fill=\"none\" stroke-width=\"1\" \/>\n\t\t\t<line id=\"Line_54\" data-name=\"Line 54\" x1=\"13.217\" transform=\"translate(0 5.953)\" fill=\"none\" stroke-width=\"1\" \/>\n\t\t<\/g>\n\t<\/g>\n<\/svg>\n                    <\/a>\n    \n                                                            <\/div>\n                    <\/div>\n\n        <div class=\"background\"><\/div>\n    <\/div>\n<\/div>\n\n\n<div class=\"block block-image-slider\" data-name=\"Image slider\" id=\"block_f02e50edd52ccd7af822a55641edfd8f\">\n    <!-- Block en component in page-intro-room -->\n<div class=\"image-slider\">\n    <div class=\"container container-nav\">\n        <div class=\"nav-wrapper\">\n            <div class=\"images-index\">\n                <span class=\"swiper-index-current\">1<\/span> \/ <span class=\"swiper-index-total\">5<\/span>\n            <\/div>\n            <div class=\"swiper-navigation\">\n                <div class=\"button-swiper button-prev\"><svg xmlns=\"http:\/\/www.w3.org\/2000\/svg\" width=\"17.643\" height=\"16.008\" viewBox=\"0 0 17.643 16.008\">\n\t<g id=\"Group_273\" data-name=\"Group 273\" transform=\"translate(1058.143 1440.301) rotate(180)\">\n\t\t<path id=\"Path_11974\" data-name=\"Path 11974\" d=\"M0,0,7.651,7.649,15.3,0\" transform=\"translate(1049.786 1439.947) rotate(-90)\" fill=\"none\" stroke-width=\"1\" \/>\n\t\t<line id=\"Line_54\" data-name=\"Line 54\" x1=\"17.436\" transform=\"translate(1040.5 1432.5)\" fill=\"none\" stroke-width=\"1\" \/>\n\t<\/g>\n<\/svg>\n<\/div>\n                <div class=\"button-swiper button-next\"><svg xmlns=\"http:\/\/www.w3.org\/2000\/svg\" width=\"17.643\" height=\"16.008\" viewBox=\"0 0 17.643 16.008\">\n\t<g id=\"Group_47\" data-name=\"Group 47\" transform=\"translate(-1040.5 -1424.293)\">\n\t\t<path id=\"Path_11974\" data-name=\"Path 11974\" d=\"M0,0,7.651,7.649,15.3,0\" transform=\"translate(1049.786 1439.947) rotate(-90)\" fill=\"none\" stroke-width=\"1\" \/>\n\t\t<line id=\"Line_54\" data-name=\"Line 54\" x1=\"17.436\" transform=\"translate(1040.5 1432.5)\" fill=\"none\" stroke-width=\"1\" \/>\n\t<\/g>\n<\/svg>\n<\/div>\n            <\/div>\n        <\/div>\n    <\/div>\n    <div class=\"swiper-container image-slider-swiper container \">\n        <div class=\"swiper-wrapper\">\n                            <div class=\"swiper-slide\">\n                    <div class=\"image\">\n                                <picture>\n            <source media=\"(max-width:600px)\" srcset=\"https:\/\/firstcityhotel.com\/wp-content\/uploads\/2024\/10\/FCH_juni_Denyza-47_cropped1-800x1200.jpg\">\n            <img loading=\"lazy\" decoding=\"async\"\n                src=\"https:\/\/firstcityhotel.com\/wp-content\/uploads\/2024\/10\/FCH_juni_Denyza-47_cropped1-1200x1800.jpg\"\n                width=\"800\"\n                height=\"1200\"\n                alt=\"fch_juni_denyza-47_cropped1\"\n                class=\"\"\n            \/>\n        <\/picture>\n                        <\/div>\n                <\/div>\n                            <div class=\"swiper-slide\">\n                    <div class=\"image\">\n                                <picture>\n            <source media=\"(max-width:600px)\" srcset=\"https:\/\/firstcityhotel.com\/wp-content\/uploads\/2024\/08\/room1-800x533.webp\">\n            <img loading=\"lazy\" decoding=\"async\"\n                src=\"https:\/\/firstcityhotel.com\/wp-content\/uploads\/2024\/08\/room1-1200x800.webp\"\n                width=\"800\"\n                height=\"533\"\n                alt=\"room1\"\n                class=\"\"\n            \/>\n        <\/picture>\n                        <\/div>\n                <\/div>\n                            <div class=\"swiper-slide\">\n                    <div class=\"image\">\n                                <picture>\n            <source media=\"(max-width:600px)\" srcset=\"https:\/\/firstcityhotel.com\/wp-content\/uploads\/2024\/10\/FCH_juni_Denyza-78-800x1200.jpg\">\n            <img loading=\"lazy\" decoding=\"async\"\n                src=\"https:\/\/firstcityhotel.com\/wp-content\/uploads\/2024\/10\/FCH_juni_Denyza-78-1200x1800.jpg\"\n                width=\"800\"\n                height=\"1200\"\n                alt=\"fch_juni_denyza-78\"\n                class=\"\"\n            \/>\n        <\/picture>\n                        <\/div>\n                <\/div>\n                            <div class=\"swiper-slide\">\n                    <div class=\"image\">\n                                <picture>\n            <source media=\"(max-width:600px)\" srcset=\"https:\/\/firstcityhotel.com\/wp-content\/uploads\/2024\/10\/Slide2-800x499.webp\">\n            <img loading=\"lazy\" decoding=\"async\"\n                src=\"https:\/\/firstcityhotel.com\/wp-content\/uploads\/2024\/10\/Slide2-1200x749.webp\"\n                width=\"800\"\n                height=\"499\"\n                alt=\"slide2\"\n                class=\"\"\n            \/>\n        <\/picture>\n                        <\/div>\n                <\/div>\n                            <div class=\"swiper-slide\">\n                    <div class=\"image\">\n                                <picture>\n            <source media=\"(max-width:600px)\" srcset=\"https:\/\/firstcityhotel.com\/wp-content\/uploads\/2024\/10\/Slide1-800x1130.webp\">\n            <img loading=\"lazy\" decoding=\"async\"\n                src=\"https:\/\/firstcityhotel.com\/wp-content\/uploads\/2024\/10\/Slide1-1200x1694.webp\"\n                width=\"800\"\n                height=\"1130\"\n                alt=\"slide1\"\n                class=\"\"\n            \/>\n        <\/picture>\n                        <\/div>\n                <\/div>\n                    <\/div>\n    <\/div>\n<\/div><\/div>\n\n\n\n\n<div class=\"block block-quotes has-background-color background-color-pink\" data-name=\"Quotes\" id=\"block_20140645140afa24d02da1aac47a7132\">\n    <div class=\"quotes container\" data-quotecount=\"3\">\n\n        <div class=\"text-wrapper\">\n            <div class=\"swiper-container swiper-quotes\">\n                <div class=\"swiper-wrapper\">\n                                            <div class=\"swiper-slide\">\n                            <div class=\"text\">\n                                <p class=\"name\">Valerie<\/p>\n                                <p class=\"quote-text\">\u201ePerfekte Lage mitten in der Stadt, und die Stra\u00dfenbahn nach Scheveningen f\u00e4hrt direkt vor der T\u00fcr. Sauberes Zimmer, das Bett war sehr bequem.\u201c<\/p>\n                            <\/div>\n                        <\/div>\n                                            <div class=\"swiper-slide\">\n                            <div class=\"text\">\n                                <p class=\"name\">Tobias<\/p>\n                                <p class=\"quote-text\">\u201eWochenendausflug mit der Familie \u2013 so ein Familienzimmer habe ich noch nie gesehen, aber f\u00fcr die Kinder war es wirklich toll. Das Fr\u00fchst\u00fcck konnten wir gem\u00fctlich im Zimmer genie\u00dfen, und Fahrr\u00e4der gibt es um die Ecke.\u201c<\/p>\n                            <\/div>\n                        <\/div>\n                                            <div class=\"swiper-slide\">\n                            <div class=\"text\">\n                                <p class=\"name\">Tamara<\/p>\n                                <p class=\"quote-text\">\u201eMir gef\u00e4llt der Stil des Hotels sehr \u2013 schlicht, minimalistisch, aber gem\u00fctlich. Ich w\u00fcrde gerne dort wohnen.\u201c<\/p>\n                            <\/div>\n                        <\/div>\n                                    <\/div>\n            <\/div>\n            <div class=\"quotes-swiper-nav\">\n                <div class=\"button-swiper button-prev\"><svg xmlns=\"http:\/\/www.w3.org\/2000\/svg\" width=\"17.643\" height=\"16.008\" viewBox=\"0 0 17.643 16.008\">\n\t<g id=\"Group_273\" data-name=\"Group 273\" transform=\"translate(1058.143 1440.301) rotate(180)\">\n\t\t<path id=\"Path_11974\" data-name=\"Path 11974\" d=\"M0,0,7.651,7.649,15.3,0\" transform=\"translate(1049.786 1439.947) rotate(-90)\" fill=\"none\" stroke-width=\"1\" \/>\n\t\t<line id=\"Line_54\" data-name=\"Line 54\" x1=\"17.436\" transform=\"translate(1040.5 1432.5)\" fill=\"none\" stroke-width=\"1\" \/>\n\t<\/g>\n<\/svg>\n<\/div>\n                <div class=\"button-swiper button-next\"><svg xmlns=\"http:\/\/www.w3.org\/2000\/svg\" width=\"17.643\" height=\"16.008\" viewBox=\"0 0 17.643 16.008\">\n\t<g id=\"Group_47\" data-name=\"Group 47\" transform=\"translate(-1040.5 -1424.293)\">\n\t\t<path id=\"Path_11974\" data-name=\"Path 11974\" d=\"M0,0,7.651,7.649,15.3,0\" transform=\"translate(1049.786 1439.947) rotate(-90)\" fill=\"none\" stroke-width=\"1\" \/>\n\t\t<line id=\"Line_54\" data-name=\"Line 54\" x1=\"17.436\" transform=\"translate(1040.5 1432.5)\" fill=\"none\" stroke-width=\"1\" \/>\n\t<\/g>\n<\/svg>\n<\/div>\n            <\/div>\n        <\/div>\n\n        <div class=\"image\">\n                    <picture>\n            <source media=\"(max-width:600px)\" srcset=\"https:\/\/firstcityhotel.com\/wp-content\/uploads\/2024\/10\/FC-70-square-800x800.webp\">\n            <img loading=\"lazy\" decoding=\"async\"\n                src=\"https:\/\/firstcityhotel.com\/wp-content\/uploads\/2024\/10\/FC-70-square-1200x1200.webp\"\n                width=\"800\"\n                height=\"800\"\n                alt=\"fc-70-square\"\n                class=\"\"\n            \/>\n        <\/picture>\n                \n            <a class=\"button arrow distributor\"\n            href=\"#book\"\n            target=\"\"\n            rel=\"noreferrer noopener\"        >\n            Jetzt buchen                            <svg xmlns=\"http:\/\/www.w3.org\/2000\/svg\" width=\"13.545\" height=\"12.306\" viewBox=\"0 0 13.545 12.306\">\n\t<g id=\"Group_94\" data-name=\"Group 94\" transform=\"translate(-1052.064 -1424.293)\">\n\t\t<g id=\"Group_47\" data-name=\"Group 47\" transform=\"translate(1052.064 1424.646)\">\n\t\t\t<path id=\"Path_11974\" data-name=\"Path 11974\" d=\"M0,0,5.8,5.8,11.6,0\" transform=\"translate(7.039 11.599) rotate(-90)\" fill=\"none\" stroke-width=\"1\" \/>\n\t\t\t<line id=\"Line_54\" data-name=\"Line 54\" x1=\"13.217\" transform=\"translate(0 5.953)\" fill=\"none\" stroke-width=\"1\" \/>\n\t\t<\/g>\n\t<\/g>\n<\/svg>\n                    <\/a>\n    \n            <\/div>\n    <\/div>\n<\/div>\n\n\n<div class=\"block block-cta-text-banner\" data-name=\"CTA text-banner\" id=\"block_cd0b831e14db7e5aa67d36bf732338a5\">\n    <div class=\"cta-text-banner\">\n        <div class=\"container flex\">\n            <div class=\"text-wrapper\">\n                <h2 class=\"title h4\">Bis bald!<\/h2>\n                <p class=\"text\">Hatten Sie einen besonders sch\u00f6nen Aufenthalt bei uns? Teilen Sie Ihre Erfahrung mit allen, markieren Sie uns auf Instagram oder hinterlassen Sie eine nette Bewertung.<\/p>\n            <\/div>\n            <div class=\"button-wrapper\">\n                \n            <a class=\"button arrow ghost\"\n            href=\"https:\/\/www.instagram.com\/firstcityhotel_denhaag\/\"\n            target=\"_blank\"\n            rel=\"noreferrer noopener\"        >\n            Folgen Sie uns                            <svg xmlns=\"http:\/\/www.w3.org\/2000\/svg\" width=\"13.545\" height=\"12.306\" viewBox=\"0 0 13.545 12.306\">\n\t<g id=\"Group_94\" data-name=\"Group 94\" transform=\"translate(-1052.064 -1424.293)\">\n\t\t<g id=\"Group_47\" data-name=\"Group 47\" transform=\"translate(1052.064 1424.646)\">\n\t\t\t<path id=\"Path_11974\" data-name=\"Path 11974\" d=\"M0,0,5.8,5.8,11.6,0\" transform=\"translate(7.039 11.599) rotate(-90)\" fill=\"none\" stroke-width=\"1\" \/>\n\t\t\t<line id=\"Line_54\" data-name=\"Line 54\" x1=\"13.217\" transform=\"translate(0 5.953)\" fill=\"none\" stroke-width=\"1\" \/>\n\t\t<\/g>\n\t<\/g>\n<\/svg>\n                    <\/a>\n    \n                    \n            <a class=\"button arrow distributor\"\n            href=\"#book\"\n            target=\"\"\n            rel=\"noreferrer noopener\"        >\n            Jetzt buchen                            <svg xmlns=\"http:\/\/www.w3.org\/2000\/svg\" width=\"13.545\" height=\"12.306\" viewBox=\"0 0 13.545 12.306\">\n\t<g id=\"Group_94\" data-name=\"Group 94\" transform=\"translate(-1052.064 -1424.293)\">\n\t\t<g id=\"Group_47\" data-name=\"Group 47\" transform=\"translate(1052.064 1424.646)\">\n\t\t\t<path id=\"Path_11974\" data-name=\"Path 11974\" d=\"M0,0,5.8,5.8,11.6,0\" transform=\"translate(7.039 11.599) rotate(-90)\" fill=\"none\" stroke-width=\"1\" \/>\n\t\t\t<line id=\"Line_54\" data-name=\"Line 54\" x1=\"13.217\" transform=\"translate(0 5.953)\" fill=\"none\" stroke-width=\"1\" \/>\n\t\t<\/g>\n\t<\/g>\n<\/svg>\n                    <\/a>\n    \n                <\/div>\n        <\/div>\n    <\/div>\n<\/div>\n\n","protected":false},"excerpt":{"rendered":"","protected":false},"author":1,"featured_media":0,"parent":0,"menu_order":0,"comment_status":"closed","ping_status":"closed","template":"","meta":{"_acf_changed":false,"footnotes":""},"class_list":["post-499","page","type-page","status-publish","hentry"],"acf":[],"yoast_head":"<!-- This site is optimized with the Yoast SEO plugin v27.3 - https:\/\/yoast.com\/product\/yoast-seo-wordpress\/ -->\n<title>\u00dcber uns | Boutique Hotel First City Den Haag<\/title>\n<meta name=\"description\" content=\"Entdecken Sie das Boutique Hotel First City Den Haag \u2013 ein stilvolles Boutique-Hotel mit Komfort, Ruhe und pers\u00f6nlichem Service im Stadtzentrum.\" \/>\n<meta name=\"robots\" content=\"index, follow, max-snippet:-1, max-image-preview:large, max-video-preview:-1\" \/>\n<link rel=\"canonical\" href=\"https:\/\/firstcityhotel.com\/de\/hotel\/\" \/>\n<meta property=\"og:locale\" content=\"de_DE\" \/>\n<meta property=\"og:type\" content=\"article\" \/>\n<meta property=\"og:title\" content=\"\u00dcber uns | Boutique Hotel First City Den Haag\" \/>\n<meta property=\"og:description\" content=\"Entdecken Sie das Boutique Hotel First City Den Haag \u2013 ein stilvolles Boutique-Hotel mit Komfort, Ruhe und pers\u00f6nlichem Service im Stadtzentrum.\" \/>\n<meta property=\"og:url\" content=\"https:\/\/firstcityhotel.com\/de\/hotel\/\" \/>\n<meta property=\"og:site_name\" content=\"First City Hotel\" \/>\n<meta property=\"article:modified_time\" content=\"2026-02-18T11:22:53+00:00\" \/>\n<meta name=\"twitter:card\" content=\"summary_large_image\" \/>\n<script type=\"application\/ld+json\" class=\"yoast-schema-graph\">{\"@context\":\"https:\\\/\\\/schema.org\",\"@graph\":[{\"@type\":\"WebPage\",\"@id\":\"https:\\\/\\\/firstcityhotel.com\\\/de\\\/hotel\\\/\",\"url\":\"https:\\\/\\\/firstcityhotel.com\\\/de\\\/hotel\\\/\",\"name\":\"\u00dcber uns | Boutique Hotel First City Den Haag\",\"isPartOf\":{\"@id\":\"https:\\\/\\\/firstcityhotel.com\\\/#website\"},\"datePublished\":\"2024-08-22T14:44:49+00:00\",\"dateModified\":\"2026-02-18T11:22:53+00:00\",\"description\":\"Entdecken Sie das Boutique Hotel First City Den Haag \u2013 ein stilvolles Boutique-Hotel mit Komfort, Ruhe und pers\u00f6nlichem Service im Stadtzentrum.\",\"breadcrumb\":{\"@id\":\"https:\\\/\\\/firstcityhotel.com\\\/de\\\/hotel\\\/#breadcrumb\"},\"inLanguage\":\"de\",\"potentialAction\":[{\"@type\":\"ReadAction\",\"target\":[\"https:\\\/\\\/firstcityhotel.com\\\/de\\\/hotel\\\/\"]}]},{\"@type\":\"BreadcrumbList\",\"@id\":\"https:\\\/\\\/firstcityhotel.com\\\/de\\\/hotel\\\/#breadcrumb\",\"itemListElement\":[{\"@type\":\"ListItem\",\"position\":1,\"name\":\"Home\",\"item\":\"https:\\\/\\\/firstcityhotel.com\\\/de\\\/\"},{\"@type\":\"ListItem\",\"position\":2,\"name\":\"Das Hotel\"}]},{\"@type\":\"WebSite\",\"@id\":\"https:\\\/\\\/firstcityhotel.com\\\/#website\",\"url\":\"https:\\\/\\\/firstcityhotel.com\\\/\",\"name\":\"Boutique Hotel First City Den Haag\",\"description\":\"Boutique hotel in The Hague\",\"potentialAction\":[{\"@type\":\"SearchAction\",\"target\":{\"@type\":\"EntryPoint\",\"urlTemplate\":\"https:\\\/\\\/firstcityhotel.com\\\/?s={search_term_string}\"},\"query-input\":{\"@type\":\"PropertyValueSpecification\",\"valueRequired\":true,\"valueName\":\"search_term_string\"}}],\"inLanguage\":\"de\"}]}<\/script>\n<!-- \/ Yoast SEO plugin. -->","yoast_head_json":{"title":"\u00dcber uns | Boutique Hotel First City Den Haag","description":"Entdecken Sie das Boutique Hotel First City Den Haag \u2013 ein stilvolles Boutique-Hotel mit Komfort, Ruhe und pers\u00f6nlichem Service im Stadtzentrum.","robots":{"index":"index","follow":"follow","max-snippet":"max-snippet:-1","max-image-preview":"max-image-preview:large","max-video-preview":"max-video-preview:-1"},"canonical":"https:\/\/firstcityhotel.com\/de\/hotel\/","og_locale":"de_DE","og_type":"article","og_title":"\u00dcber uns | Boutique Hotel First City Den Haag","og_description":"Entdecken Sie das Boutique Hotel First City Den Haag \u2013 ein stilvolles Boutique-Hotel mit Komfort, Ruhe und pers\u00f6nlichem Service im Stadtzentrum.","og_url":"https:\/\/firstcityhotel.com\/de\/hotel\/","og_site_name":"First City Hotel","article_modified_time":"2026-02-18T11:22:53+00:00","twitter_card":"summary_large_image","schema":{"@context":"https:\/\/schema.org","@graph":[{"@type":"WebPage","@id":"https:\/\/firstcityhotel.com\/de\/hotel\/","url":"https:\/\/firstcityhotel.com\/de\/hotel\/","name":"\u00dcber uns | Boutique Hotel First City Den Haag","isPartOf":{"@id":"https:\/\/firstcityhotel.com\/#website"},"datePublished":"2024-08-22T14:44:49+00:00","dateModified":"2026-02-18T11:22:53+00:00","description":"Entdecken Sie das Boutique Hotel First City Den Haag \u2013 ein stilvolles Boutique-Hotel mit Komfort, Ruhe und pers\u00f6nlichem Service im Stadtzentrum.","breadcrumb":{"@id":"https:\/\/firstcityhotel.com\/de\/hotel\/#breadcrumb"},"inLanguage":"de","potentialAction":[{"@type":"ReadAction","target":["https:\/\/firstcityhotel.com\/de\/hotel\/"]}]},{"@type":"BreadcrumbList","@id":"https:\/\/firstcityhotel.com\/de\/hotel\/#breadcrumb","itemListElement":[{"@type":"ListItem","position":1,"name":"Home","item":"https:\/\/firstcityhotel.com\/de\/"},{"@type":"ListItem","position":2,"name":"Das Hotel"}]},{"@type":"WebSite","@id":"https:\/\/firstcityhotel.com\/#website","url":"https:\/\/firstcityhotel.com\/","name":"Boutique Hotel First City Den Haag","description":"Boutique hotel in The Hague","potentialAction":[{"@type":"SearchAction","target":{"@type":"EntryPoint","urlTemplate":"https:\/\/firstcityhotel.com\/?s={search_term_string}"},"query-input":{"@type":"PropertyValueSpecification","valueRequired":true,"valueName":"search_term_string"}}],"inLanguage":"de"}]}},"_links":{"self":[{"href":"https:\/\/firstcityhotel.com\/de\/wp-json\/wp\/v2\/pages\/499","targetHints":{"allow":["GET"]}}],"collection":[{"href":"https:\/\/firstcityhotel.com\/de\/wp-json\/wp\/v2\/pages"}],"about":[{"href":"https:\/\/firstcityhotel.com\/de\/wp-json\/wp\/v2\/types\/page"}],"author":[{"embeddable":true,"href":"https:\/\/firstcityhotel.com\/de\/wp-json\/wp\/v2\/users\/1"}],"replies":[{"embeddable":true,"href":"https:\/\/firstcityhotel.com\/de\/wp-json\/wp\/v2\/comments?post=499"}],"version-history":[{"count":9,"href":"https:\/\/firstcityhotel.com\/de\/wp-json\/wp\/v2\/pages\/499\/revisions"}],"predecessor-version":[{"id":1362,"href":"https:\/\/firstcityhotel.com\/de\/wp-json\/wp\/v2\/pages\/499\/revisions\/1362"}],"wp:attachment":[{"href":"https:\/\/firstcityhotel.com\/de\/wp-json\/wp\/v2\/media?parent=499"}],"curies":[{"name":"wp","href":"https:\/\/api.w.org\/{rel}","templated":true}]}}