{"id":497,"date":"2024-08-22T16:51:14","date_gmt":"2024-08-22T14:51:14","guid":{"rendered":"http:\/\/firstcityhotel.com\/house-rules\/"},"modified":"2026-02-12T12:53:17","modified_gmt":"2026-02-12T11:53:17","slug":"house-rules","status":"publish","type":"page","link":"https:\/\/firstcityhotel.com\/de\/house-rules\/","title":{"rendered":"Hausregeln"},"content":{"rendered":"<div class=\"core-content heading-content\">\n<h3 class=\"wp-block-heading\"><\/h3>\n<\/div>\n\n<div class=\"core-content list-content\">\n<ul class=\"wp-block-list\">\n<li><strong>Der Konsum oder Missbrauch von Drogen, Lachgas, Pilzen oder Alkohol ist nicht gestattet.<\/strong><\/li>\n\n\n\n<li><strong>Besucher sind nicht gestattet.<\/strong><\/li>\n\n\n\n<li><strong>Rauchen ist nicht gestattet.<\/strong><\/li>\n\n\n\n<li><strong>Haustiere sind nicht gestattet.<\/strong><\/li>\n\n\n\n<li><strong>Bitte vermeiden Sie L\u00e4rm, damit auch andere G\u00e4ste ihren Aufenthalt genie\u00dfen k\u00f6nnen.<\/strong><\/li>\n<\/ul>\n<\/div>\n\n<div class=\"core-content heading-content\">\n<h3 class=\"wp-block-heading\">Bei Versto\u00df gegen die Hausregeln kann Ihr Aufenthalt beendet werden.<\/h3>\n<\/div>","protected":false},"excerpt":{"rendered":"<p>Bei Versto\u00df gegen die Hausregeln kann Ihr Aufenthalt beendet werden.<\/p>\n","protected":false},"author":1,"featured_media":0,"parent":0,"menu_order":0,"comment_status":"closed","ping_status":"closed","template":"","meta":{"_acf_changed":false,"footnotes":""},"class_list":["post-497","page","type-page","status-publish","hentry"],"acf":[],"yoast_head":"<!-- This site is optimized with the Yoast SEO plugin v27.4 - https:\/\/yoast.com\/product\/yoast-seo-wordpress\/ -->\n<title>Hausregeln - First City Hotel<\/title>\n<meta name=\"robots\" content=\"index, follow, max-snippet:-1, max-image-preview:large, max-video-preview:-1\" \/>\n<link rel=\"canonical\" href=\"https:\/\/firstcityhotel.com\/de\/house-rules\/\" \/>\n<meta property=\"og:locale\" content=\"de_DE\" \/>\n<meta property=\"og:type\" content=\"article\" \/>\n<meta property=\"og:title\" content=\"Hausregeln - First City Hotel\" \/>\n<meta property=\"og:description\" content=\"Bei Versto\u00df gegen die Hausregeln kann Ihr Aufenthalt beendet werden.\" \/>\n<meta property=\"og:url\" content=\"https:\/\/firstcityhotel.com\/de\/house-rules\/\" \/>\n<meta property=\"og:site_name\" content=\"First City Hotel\" \/>\n<meta property=\"article:modified_time\" content=\"2026-02-12T11:53:17+00:00\" \/>\n<meta name=\"twitter:card\" content=\"summary_large_image\" \/>\n<script type=\"application\/ld+json\" class=\"yoast-schema-graph\">{\"@context\":\"https:\\\/\\\/schema.org\",\"@graph\":[{\"@type\":\"WebPage\",\"@id\":\"https:\\\/\\\/firstcityhotel.com\\\/de\\\/house-rules\\\/\",\"url\":\"https:\\\/\\\/firstcityhotel.com\\\/de\\\/house-rules\\\/\",\"name\":\"Hausregeln - First City Hotel\",\"isPartOf\":{\"@id\":\"https:\\\/\\\/firstcityhotel.com\\\/#website\"},\"datePublished\":\"2024-08-22T14:51:14+00:00\",\"dateModified\":\"2026-02-12T11:53:17+00:00\",\"breadcrumb\":{\"@id\":\"https:\\\/\\\/firstcityhotel.com\\\/de\\\/house-rules\\\/#breadcrumb\"},\"inLanguage\":\"de\",\"potentialAction\":[{\"@type\":\"ReadAction\",\"target\":[\"https:\\\/\\\/firstcityhotel.com\\\/de\\\/house-rules\\\/\"]}]},{\"@type\":\"BreadcrumbList\",\"@id\":\"https:\\\/\\\/firstcityhotel.com\\\/de\\\/house-rules\\\/#breadcrumb\",\"itemListElement\":[{\"@type\":\"ListItem\",\"position\":1,\"name\":\"Home\",\"item\":\"https:\\\/\\\/firstcityhotel.com\\\/de\\\/\"},{\"@type\":\"ListItem\",\"position\":2,\"name\":\"Hausregeln\"}]},{\"@type\":\"WebSite\",\"@id\":\"https:\\\/\\\/firstcityhotel.com\\\/#website\",\"url\":\"https:\\\/\\\/firstcityhotel.com\\\/\",\"name\":\"Boutique Hotel First City Den Haag\",\"description\":\"Boutique hotel in The Hague\",\"potentialAction\":[{\"@type\":\"SearchAction\",\"target\":{\"@type\":\"EntryPoint\",\"urlTemplate\":\"https:\\\/\\\/firstcityhotel.com\\\/?s={search_term_string}\"},\"query-input\":{\"@type\":\"PropertyValueSpecification\",\"valueRequired\":true,\"valueName\":\"search_term_string\"}}],\"inLanguage\":\"de\"}]}<\/script>\n<!-- \/ Yoast SEO plugin. -->","yoast_head_json":{"title":"Hausregeln - First City Hotel","robots":{"index":"index","follow":"follow","max-snippet":"max-snippet:-1","max-image-preview":"max-image-preview:large","max-video-preview":"max-video-preview:-1"},"canonical":"https:\/\/firstcityhotel.com\/de\/house-rules\/","og_locale":"de_DE","og_type":"article","og_title":"Hausregeln - First City Hotel","og_description":"Bei Versto\u00df gegen die Hausregeln kann Ihr Aufenthalt beendet werden.","og_url":"https:\/\/firstcityhotel.com\/de\/house-rules\/","og_site_name":"First City Hotel","article_modified_time":"2026-02-12T11:53:17+00:00","twitter_card":"summary_large_image","schema":{"@context":"https:\/\/schema.org","@graph":[{"@type":"WebPage","@id":"https:\/\/firstcityhotel.com\/de\/house-rules\/","url":"https:\/\/firstcityhotel.com\/de\/house-rules\/","name":"Hausregeln - First City Hotel","isPartOf":{"@id":"https:\/\/firstcityhotel.com\/#website"},"datePublished":"2024-08-22T14:51:14+00:00","dateModified":"2026-02-12T11:53:17+00:00","breadcrumb":{"@id":"https:\/\/firstcityhotel.com\/de\/house-rules\/#breadcrumb"},"inLanguage":"de","potentialAction":[{"@type":"ReadAction","target":["https:\/\/firstcityhotel.com\/de\/house-rules\/"]}]},{"@type":"BreadcrumbList","@id":"https:\/\/firstcityhotel.com\/de\/house-rules\/#breadcrumb","itemListElement":[{"@type":"ListItem","position":1,"name":"Home","item":"https:\/\/firstcityhotel.com\/de\/"},{"@type":"ListItem","position":2,"name":"Hausregeln"}]},{"@type":"WebSite","@id":"https:\/\/firstcityhotel.com\/#website","url":"https:\/\/firstcityhotel.com\/","name":"Boutique Hotel First City Den Haag","description":"Boutique hotel in The Hague","potentialAction":[{"@type":"SearchAction","target":{"@type":"EntryPoint","urlTemplate":"https:\/\/firstcityhotel.com\/?s={search_term_string}"},"query-input":{"@type":"PropertyValueSpecification","valueRequired":true,"valueName":"search_term_string"}}],"inLanguage":"de"}]}},"_links":{"self":[{"href":"https:\/\/firstcityhotel.com\/de\/wp-json\/wp\/v2\/pages\/497","targetHints":{"allow":["GET"]}}],"collection":[{"href":"https:\/\/firstcityhotel.com\/de\/wp-json\/wp\/v2\/pages"}],"about":[{"href":"https:\/\/firstcityhotel.com\/de\/wp-json\/wp\/v2\/types\/page"}],"author":[{"embeddable":true,"href":"https:\/\/firstcityhotel.com\/de\/wp-json\/wp\/v2\/users\/1"}],"replies":[{"embeddable":true,"href":"https:\/\/firstcityhotel.com\/de\/wp-json\/wp\/v2\/comments?post=497"}],"version-history":[{"count":2,"href":"https:\/\/firstcityhotel.com\/de\/wp-json\/wp\/v2\/pages\/497\/revisions"}],"predecessor-version":[{"id":1319,"href":"https:\/\/firstcityhotel.com\/de\/wp-json\/wp\/v2\/pages\/497\/revisions\/1319"}],"wp:attachment":[{"href":"https:\/\/firstcityhotel.com\/de\/wp-json\/wp\/v2\/media?parent=497"}],"curies":[{"name":"wp","href":"https:\/\/api.w.org\/{rel}","templated":true}]}}