{"id":490,"date":"2024-09-05T11:25:53","date_gmt":"2024-09-05T09:25:53","guid":{"rendered":"http:\/\/firstcityhotel.com\/den-haag\/"},"modified":"2026-02-23T17:28:04","modified_gmt":"2026-02-23T16:28:04","slug":"ontdek-den-haag","status":"publish","type":"page","link":"https:\/\/firstcityhotel.com\/de\/ontdek-den-haag\/","title":{"rendered":"Entdecken Sie Den Haag"},"content":{"rendered":"\n<div class=\"block  block-title-text\" data-name=\"Title &#038; Text\"\n    id=\"block_9946d412bd733d245c13cce22306d250\">\n    <div class=\"title-text\">\n        <div class=\"container flex\">\n            <h3 class=\"title h3\">\n                Unsere Tipps in der Stadt            <\/h3>\n            <div class=\"text-wrapper\">\n                <p class=\"text p-intro\">\n                    Lassen Sie sich bei Ihrer Ankunft an unserer Rezeption inspirieren, um w\u00e4hrend Ihres Aufenthalts die sch\u00f6nsten Restaurants und Museen zu besuchen.                <\/p>\n                                    <div class=\"button-wrapper\">\n                                                    \n            <a class=\"button arrow\"\n            href=\"https:\/\/firstcityhotel.com\/de\/location\/\"\n            target=\"\"\n                    >\n            Tipps ansehen                            <svg xmlns=\"http:\/\/www.w3.org\/2000\/svg\" width=\"13.545\" height=\"12.306\" viewBox=\"0 0 13.545 12.306\">\n\t<g id=\"Group_94\" data-name=\"Group 94\" transform=\"translate(-1052.064 -1424.293)\">\n\t\t<g id=\"Group_47\" data-name=\"Group 47\" transform=\"translate(1052.064 1424.646)\">\n\t\t\t<path id=\"Path_11974\" data-name=\"Path 11974\" d=\"M0,0,5.8,5.8,11.6,0\" transform=\"translate(7.039 11.599) rotate(-90)\" fill=\"none\" stroke-width=\"1\" \/>\n\t\t\t<line id=\"Line_54\" data-name=\"Line 54\" x1=\"13.217\" transform=\"translate(0 5.953)\" fill=\"none\" stroke-width=\"1\" \/>\n\t\t<\/g>\n\t<\/g>\n<\/svg>\n                    <\/a>\n    \n                                                                        <\/div>\n                            <\/div>\n        <\/div>\n    <\/div>\n<\/div>\n\n\n<div class=\"block block-card-slider\" data-name=\"Card slider\" id=\"block_68f85b03af7123260bc2382459e1cc4b\">\n    <div class=\"card-slider\">\n        <div class=\"container container-nav\">\n            <div class=\"nav-wrapper\">\n                <div class=\"swiper-index\"><\/div>\n                <div class=\"swiper-navigation\">\n                    <div class=\"button-swiper button-prev\"><svg xmlns=\"http:\/\/www.w3.org\/2000\/svg\" width=\"17.643\" height=\"16.008\" viewBox=\"0 0 17.643 16.008\">\n\t<g id=\"Group_273\" data-name=\"Group 273\" transform=\"translate(1058.143 1440.301) rotate(180)\">\n\t\t<path id=\"Path_11974\" data-name=\"Path 11974\" d=\"M0,0,7.651,7.649,15.3,0\" transform=\"translate(1049.786 1439.947) rotate(-90)\" fill=\"none\" stroke-width=\"1\" \/>\n\t\t<line id=\"Line_54\" data-name=\"Line 54\" x1=\"17.436\" transform=\"translate(1040.5 1432.5)\" fill=\"none\" stroke-width=\"1\" \/>\n\t<\/g>\n<\/svg>\n<\/div>\n                    <div class=\"button-swiper button-next\"><svg xmlns=\"http:\/\/www.w3.org\/2000\/svg\" width=\"17.643\" height=\"16.008\" viewBox=\"0 0 17.643 16.008\">\n\t<g id=\"Group_47\" data-name=\"Group 47\" transform=\"translate(-1040.5 -1424.293)\">\n\t\t<path id=\"Path_11974\" data-name=\"Path 11974\" d=\"M0,0,7.651,7.649,15.3,0\" transform=\"translate(1049.786 1439.947) rotate(-90)\" fill=\"none\" stroke-width=\"1\" \/>\n\t\t<line id=\"Line_54\" data-name=\"Line 54\" x1=\"17.436\" transform=\"translate(1040.5 1432.5)\" fill=\"none\" stroke-width=\"1\" \/>\n\t<\/g>\n<\/svg>\n<\/div>\n                <\/div>\n            <\/div>\n        <\/div>\n        <div class=\"swiper-container card-slider-swiper container\">\n            <div class=\"swiper-wrapper\">\n                                    <div class=\"swiper-slide\">\n                        <a class=\"card-card-slider no-link\" href=\"\"  target=\"\" >\n                                    <picture>\n            <source media=\"(max-width:600px)\" srcset=\"https:\/\/firstcityhotel.com\/wp-content\/uploads\/2024\/10\/strand-scheveningen-800x925.jpg\">\n            <img loading=\"lazy\" decoding=\"async\"\n                src=\"https:\/\/firstcityhotel.com\/wp-content\/uploads\/2024\/10\/strand-scheveningen.jpg\"\n                width=\"800\"\n                height=\"925\"\n                alt=\"strand-scheveningen\"\n                class=\"\"\n            \/>\n        <\/picture>\n                                <div class=\"text-wrapper\">\n                                <p class=\"title\">Der Strand<\/p>\n                                <p class=\"text\">Einer der meistbesuchten Str\u00e4nde Nordeuropas liegt nur 15 Minuten mit der Stra\u00dfenbahn von uns entfernt.<\/p>\n                                                            <\/div>\n                        <\/a>\n                    <\/div>\n                                    <div class=\"swiper-slide\">\n                        <a class=\"card-card-slider no-link\" href=\"\"  target=\"\" >\n                                    <picture>\n            <source media=\"(max-width:600px)\" srcset=\"https:\/\/firstcityhotel.com\/wp-content\/uploads\/2024\/10\/Shopping-800x925.jpg\">\n            <img loading=\"lazy\" decoding=\"async\"\n                src=\"https:\/\/firstcityhotel.com\/wp-content\/uploads\/2024\/10\/Shopping.jpg\"\n                width=\"800\"\n                height=\"925\"\n                alt=\"shopping\"\n                class=\"\"\n            \/>\n        <\/picture>\n                                <div class=\"text-wrapper\">\n                                <p class=\"title\">Einkaufen<\/p>\n                                <p class=\"text\">Die sch\u00f6nsten Gesch\u00e4fte und Warenh\u00e4user in fu\u00dfl\u00e4ufiger Entfernung vom First City Hotel.<\/p>\n                                                            <\/div>\n                        <\/a>\n                    <\/div>\n                                    <div class=\"swiper-slide\">\n                        <a class=\"card-card-slider no-link\" href=\"\"  target=\"\" >\n                                    <picture>\n            <source media=\"(max-width:600px)\" srcset=\"https:\/\/firstcityhotel.com\/wp-content\/uploads\/2024\/10\/hofvijverwebp-800x800.webp\">\n            <img loading=\"lazy\" decoding=\"async\"\n                src=\"https:\/\/firstcityhotel.com\/wp-content\/uploads\/2024\/10\/hofvijverwebp-1200x1200.webp\"\n                width=\"800\"\n                height=\"800\"\n                alt=\"hofvijverwebp\"\n                class=\"\"\n            \/>\n        <\/picture>\n                                <div class=\"text-wrapper\">\n                                <p class=\"title\">Der Binnenhof <\/p>\n                                <p class=\"text\">Kultur und Geschichte \u2013 was auch immer Sie suchen, Den Haag hat es.<\/p>\n                                                            <\/div>\n                        <\/a>\n                    <\/div>\n                            <\/div>\n        <\/div>\n    <\/div>\n<\/div>\n\n\n\n\n<div class=\"block block-image-text has-background-color background-color-green image-right image-overlap\" data-name=\"Image &#038; Text\" id=\"block_030127325615aff54d7da17f82d66002\">\n    <div class=\"image-text container\">\n                    <div class=\"image\">\n                        <picture>\n            <source media=\"(max-width:600px)\" srcset=\"https:\/\/firstcityhotel.com\/wp-content\/uploads\/2024\/10\/FC-70-square-800x800.webp\">\n            <img loading=\"lazy\" decoding=\"async\"\n                src=\"https:\/\/firstcityhotel.com\/wp-content\/uploads\/2024\/10\/FC-70-square-1200x1200.webp\"\n                width=\"800\"\n                height=\"800\"\n                alt=\"fc-70-square\"\n                class=\"\"\n            \/>\n        <\/picture>\n                                        <a class=\"cta-sticker\" href=\"https:\/\/firstcityhotel.com\/de\/contact\/\">\n                        <p>5 % Rabatt auf Ihre \u00dcbernachtung<\/p>\n                    <\/a>\n                            <\/div>\n        \n        <div class=\"text-wrapper\">\n                            <h2 class=\"title h3\">Nur im First City Hotel<\/h2>\n                        <div class=\"text block-text-content\"><div class=\"flex flex-col text-sm pb-25\">\n<article class=\"text-token-text-primary w-full focus:outline-none [--shadow-height:45px] has-data-writing-block:pointer-events-none has-data-writing-block:-mt-(--shadow-height) has-data-writing-block:pt-(--shadow-height) [&amp;:has([data-writing-block])&gt;*]:pointer-events-auto scroll-mt-[calc(var(--header-height)+min(200px,max(70px,20svh)))]\" dir=\"auto\" tabindex=\"-1\" data-turn-id=\"request-WEB:14e33639-ded7-4a9d-80b3-a9e4e515aa75-33\" data-testid=\"conversation-turn-68\" data-scroll-anchor=\"true\" data-turn=\"assistant\">\n<div class=\"text-base my-auto mx-auto pb-10 [--thread-content-margin:--spacing(4)] @w-sm\/main:[--thread-content-margin:--spacing(6)] @w-lg\/main:[--thread-content-margin:--spacing(16)] px-(--thread-content-margin)\">\n<div class=\"[--thread-content-max-width:40rem] @w-lg\/main:[--thread-content-max-width:48rem] mx-auto max-w-(--thread-content-max-width) flex-1 group\/turn-messages focus-visible:outline-hidden relative flex w-full min-w-0 flex-col agent-turn\" tabindex=\"-1\">\n<div class=\"flex max-w-full flex-col grow\">\n<div class=\"min-h-8 text-message relative flex w-full flex-col items-end gap-2 text-start break-words whitespace-normal [.text-message+&amp;]:mt-1\" dir=\"auto\" data-message-author-role=\"assistant\" data-message-id=\"fe5490dd-290c-4fb5-a638-a0b014706043\" data-message-model-slug=\"gpt-5-2\">\n<div class=\"flex w-full flex-col gap-1 empty:hidden first:pt-[1px]\">\n<div class=\"markdown prose dark:prose-invert w-full wrap-break-word light markdown-new-styling\">\n<p data-start=\"0\" data-end=\"105\" data-is-last-node=\"\" data-is-only-node=\"\">Buchen Sie jetzt Ihren Aufenthalt und erhalten Sie 5 % Rabatt. Nur auf unserer eigenen Website verf\u00fcgbar.<\/p>\n<\/div>\n<\/div>\n<\/div>\n<\/div>\n<\/div>\n<\/div>\n<\/article>\n<\/div>\n<\/div>\n                            <div class=\"button-wrapper\">\n                                            \n            <a class=\"button arrow distributor\"\n            href=\"#book\"\n            target=\"\"\n            rel=\"noreferrer noopener\"        >\n            Jetzt buchen                            <svg xmlns=\"http:\/\/www.w3.org\/2000\/svg\" width=\"13.545\" height=\"12.306\" viewBox=\"0 0 13.545 12.306\">\n\t<g id=\"Group_94\" data-name=\"Group 94\" transform=\"translate(-1052.064 -1424.293)\">\n\t\t<g id=\"Group_47\" data-name=\"Group 47\" transform=\"translate(1052.064 1424.646)\">\n\t\t\t<path id=\"Path_11974\" data-name=\"Path 11974\" d=\"M0,0,5.8,5.8,11.6,0\" transform=\"translate(7.039 11.599) rotate(-90)\" fill=\"none\" stroke-width=\"1\" \/>\n\t\t\t<line id=\"Line_54\" data-name=\"Line 54\" x1=\"13.217\" transform=\"translate(0 5.953)\" fill=\"none\" stroke-width=\"1\" \/>\n\t\t<\/g>\n\t<\/g>\n<\/svg>\n                    <\/a>\n    \n                                                            <\/div>\n                    <\/div>\n\n        <div class=\"background\"><\/div>\n    <\/div>\n<\/div>","protected":false},"excerpt":{"rendered":"","protected":false},"author":1,"featured_media":0,"parent":0,"menu_order":0,"comment_status":"closed","ping_status":"closed","template":"","meta":{"_acf_changed":false,"footnotes":""},"class_list":["post-490","page","type-page","status-publish","hentry"],"acf":[],"yoast_head":"<!-- This site is optimized with the Yoast SEO plugin v27.4 - https:\/\/yoast.com\/product\/yoast-seo-wordpress\/ -->\n<title>Entdecken Sie Den Haag | Boutique Hotel First City Den Haag<\/title>\n<meta name=\"description\" content=\"Entdecken Sie Den Haag vom Boutique Hotel First City aus \u2013 Museen, Gesch\u00e4fte und Sehensw\u00fcrdigkeiten ganz in der N\u00e4he.\" \/>\n<meta name=\"robots\" content=\"index, follow, max-snippet:-1, max-image-preview:large, max-video-preview:-1\" \/>\n<link rel=\"canonical\" href=\"https:\/\/firstcityhotel.com\/de\/ontdek-den-haag\/\" \/>\n<meta property=\"og:locale\" content=\"de_DE\" \/>\n<meta property=\"og:type\" content=\"article\" \/>\n<meta property=\"og:title\" content=\"Entdecken Sie Den Haag | Boutique Hotel First City Den Haag\" \/>\n<meta property=\"og:description\" content=\"Entdecken Sie Den Haag vom Boutique Hotel First City aus \u2013 Museen, Gesch\u00e4fte und Sehensw\u00fcrdigkeiten ganz in der N\u00e4he.\" \/>\n<meta property=\"og:url\" content=\"https:\/\/firstcityhotel.com\/de\/ontdek-den-haag\/\" \/>\n<meta property=\"og:site_name\" content=\"First City Hotel\" \/>\n<meta property=\"article:modified_time\" content=\"2026-02-23T16:28:04+00:00\" \/>\n<meta name=\"twitter:card\" content=\"summary_large_image\" \/>\n<script type=\"application\/ld+json\" class=\"yoast-schema-graph\">{\"@context\":\"https:\\\/\\\/schema.org\",\"@graph\":[{\"@type\":\"WebPage\",\"@id\":\"https:\\\/\\\/firstcityhotel.com\\\/de\\\/ontdek-den-haag\\\/\",\"url\":\"https:\\\/\\\/firstcityhotel.com\\\/de\\\/ontdek-den-haag\\\/\",\"name\":\"Entdecken Sie Den Haag | Boutique Hotel First City Den Haag\",\"isPartOf\":{\"@id\":\"https:\\\/\\\/firstcityhotel.com\\\/#website\"},\"datePublished\":\"2024-09-05T09:25:53+00:00\",\"dateModified\":\"2026-02-23T16:28:04+00:00\",\"description\":\"Entdecken Sie Den Haag vom Boutique Hotel First City aus \u2013 Museen, Gesch\u00e4fte und Sehensw\u00fcrdigkeiten ganz in der N\u00e4he.\",\"breadcrumb\":{\"@id\":\"https:\\\/\\\/firstcityhotel.com\\\/de\\\/ontdek-den-haag\\\/#breadcrumb\"},\"inLanguage\":\"de\",\"potentialAction\":[{\"@type\":\"ReadAction\",\"target\":[\"https:\\\/\\\/firstcityhotel.com\\\/de\\\/ontdek-den-haag\\\/\"]}]},{\"@type\":\"BreadcrumbList\",\"@id\":\"https:\\\/\\\/firstcityhotel.com\\\/de\\\/ontdek-den-haag\\\/#breadcrumb\",\"itemListElement\":[{\"@type\":\"ListItem\",\"position\":1,\"name\":\"Home\",\"item\":\"https:\\\/\\\/firstcityhotel.com\\\/de\\\/\"},{\"@type\":\"ListItem\",\"position\":2,\"name\":\"Entdecken Sie Den Haag\"}]},{\"@type\":\"WebSite\",\"@id\":\"https:\\\/\\\/firstcityhotel.com\\\/#website\",\"url\":\"https:\\\/\\\/firstcityhotel.com\\\/\",\"name\":\"Boutique Hotel First City Den Haag\",\"description\":\"Boutique hotel in The Hague\",\"potentialAction\":[{\"@type\":\"SearchAction\",\"target\":{\"@type\":\"EntryPoint\",\"urlTemplate\":\"https:\\\/\\\/firstcityhotel.com\\\/?s={search_term_string}\"},\"query-input\":{\"@type\":\"PropertyValueSpecification\",\"valueRequired\":true,\"valueName\":\"search_term_string\"}}],\"inLanguage\":\"de\"}]}<\/script>\n<!-- \/ Yoast SEO plugin. -->","yoast_head_json":{"title":"Entdecken Sie Den Haag | Boutique Hotel First City Den Haag","description":"Entdecken Sie Den Haag vom Boutique Hotel First City aus \u2013 Museen, Gesch\u00e4fte und Sehensw\u00fcrdigkeiten ganz in der N\u00e4he.","robots":{"index":"index","follow":"follow","max-snippet":"max-snippet:-1","max-image-preview":"max-image-preview:large","max-video-preview":"max-video-preview:-1"},"canonical":"https:\/\/firstcityhotel.com\/de\/ontdek-den-haag\/","og_locale":"de_DE","og_type":"article","og_title":"Entdecken Sie Den Haag | Boutique Hotel First City Den Haag","og_description":"Entdecken Sie Den Haag vom Boutique Hotel First City aus \u2013 Museen, Gesch\u00e4fte und Sehensw\u00fcrdigkeiten ganz in der N\u00e4he.","og_url":"https:\/\/firstcityhotel.com\/de\/ontdek-den-haag\/","og_site_name":"First City Hotel","article_modified_time":"2026-02-23T16:28:04+00:00","twitter_card":"summary_large_image","schema":{"@context":"https:\/\/schema.org","@graph":[{"@type":"WebPage","@id":"https:\/\/firstcityhotel.com\/de\/ontdek-den-haag\/","url":"https:\/\/firstcityhotel.com\/de\/ontdek-den-haag\/","name":"Entdecken Sie Den Haag | Boutique Hotel First City Den Haag","isPartOf":{"@id":"https:\/\/firstcityhotel.com\/#website"},"datePublished":"2024-09-05T09:25:53+00:00","dateModified":"2026-02-23T16:28:04+00:00","description":"Entdecken Sie Den Haag vom Boutique Hotel First City aus \u2013 Museen, Gesch\u00e4fte und Sehensw\u00fcrdigkeiten ganz in der N\u00e4he.","breadcrumb":{"@id":"https:\/\/firstcityhotel.com\/de\/ontdek-den-haag\/#breadcrumb"},"inLanguage":"de","potentialAction":[{"@type":"ReadAction","target":["https:\/\/firstcityhotel.com\/de\/ontdek-den-haag\/"]}]},{"@type":"BreadcrumbList","@id":"https:\/\/firstcityhotel.com\/de\/ontdek-den-haag\/#breadcrumb","itemListElement":[{"@type":"ListItem","position":1,"name":"Home","item":"https:\/\/firstcityhotel.com\/de\/"},{"@type":"ListItem","position":2,"name":"Entdecken Sie Den Haag"}]},{"@type":"WebSite","@id":"https:\/\/firstcityhotel.com\/#website","url":"https:\/\/firstcityhotel.com\/","name":"Boutique Hotel First City Den Haag","description":"Boutique hotel in The Hague","potentialAction":[{"@type":"SearchAction","target":{"@type":"EntryPoint","urlTemplate":"https:\/\/firstcityhotel.com\/?s={search_term_string}"},"query-input":{"@type":"PropertyValueSpecification","valueRequired":true,"valueName":"search_term_string"}}],"inLanguage":"de"}]}},"_links":{"self":[{"href":"https:\/\/firstcityhotel.com\/de\/wp-json\/wp\/v2\/pages\/490","targetHints":{"allow":["GET"]}}],"collection":[{"href":"https:\/\/firstcityhotel.com\/de\/wp-json\/wp\/v2\/pages"}],"about":[{"href":"https:\/\/firstcityhotel.com\/de\/wp-json\/wp\/v2\/types\/page"}],"author":[{"embeddable":true,"href":"https:\/\/firstcityhotel.com\/de\/wp-json\/wp\/v2\/users\/1"}],"replies":[{"embeddable":true,"href":"https:\/\/firstcityhotel.com\/de\/wp-json\/wp\/v2\/comments?post=490"}],"version-history":[{"count":10,"href":"https:\/\/firstcityhotel.com\/de\/wp-json\/wp\/v2\/pages\/490\/revisions"}],"predecessor-version":[{"id":1423,"href":"https:\/\/firstcityhotel.com\/de\/wp-json\/wp\/v2\/pages\/490\/revisions\/1423"}],"wp:attachment":[{"href":"https:\/\/firstcityhotel.com\/de\/wp-json\/wp\/v2\/media?parent=490"}],"curies":[{"name":"wp","href":"https:\/\/api.w.org\/{rel}","templated":true}]}}